{"id":30768,"date":"2025-04-29T08:17:01","date_gmt":"2025-04-29T07:17:01","guid":{"rendered":"https:\/\/www.hit-booker.com\/?page_id=30768"},"modified":"2025-05-05T14:53:29","modified_gmt":"2025-05-05T13:53:29","slug":"payment","status":"publish","type":"page","link":"https:\/\/www.hit-booker.com\/travel-guide\/payment","title":{"rendered":"Payment"},"content":{"rendered":"<h2>Credit card purchase security statement<\/h2>\n<p>Confidentiality of your information is protected and secured by using latest TLS encryption. Pages for web payment are secured by using Secure Socket Layer (SSL) protocol with 128-bit data encryption. SSL encryption is a data coding procedure for prevention of unauthorized access during data transfer.<br \/>\nThis enables a secure data transfer and prevents unauthorized data access during communication between user and Monri WebPay Payment Gateway and vice versa.<br \/>\nMonri WebPay Payment Gateway and financial institutions exchange data by using their virtual private network (VPN) which is also protected from unauthorized access.<br \/>\nMonri Payments is PCI DSS Level 1 certified payment service provider.<br \/>\nCredit card numbers are not stored by Merchant and are not available to unauthorized personnel.<\/p>\n<h2>Sigurnost pla\u0107anja kreditnim karticama<\/h2>\n<p>Tajnost Va\u0161ih podataka je za\u0161ti\u0107ena i osigurana kori\u0161tenjem posljednje verzije TLS enkripcije. Stranice za naplatu putem interneta osigurane su kori\u0161tenjem Secure Socket Layer (SSL) protokola sa 128-bitnom enkripcijom podataka. SSL enkripcija je postupak \u0161ifriranja podataka radi sprje\u010davanja neovla\u0161tenog pristupa prilikom njihovog prijenosa.<br \/>\nTime je omogu\u0107en siguran prijenos informacija te onemogu\u0107en nedozvoljen pristup podacima prilikom komunikacije izme\u0111u korisnikovog ra\u010dunala i WebPay servisa, te obratno.<br \/>\nWebPay servis i financijske ustanove razmjenjuju podatke uporabom virtualne privatne mre\u017ee (VPN), koja je za\u0161ti\u0107ena od neautoriziranog pristupa.<br \/>\nMonri Payment Gateway je certificiran prema PCI DSS Level 1 sigurnosnom standardu propisanom Visa i Mastercard pravilima.<br \/>\nTrgovac ne pohranjuje brojeve kreditnih kartica i brojevi nisu dostupni neovla\u0161tenim osobama.<\/p>\n","protected":false},"excerpt":{"rendered":"<p>Credit card purchase security statement Confidentiality of your information is protected and secured by using latest TLS encryption. Pages for web payment are secured by using Secure Socket Layer (SSL) protocol with 128-bit data encryption. SSL encryption is a data coding procedure for prevention of unauthorized access during data transfer. This enables a secure data [&hellip;]<\/p>\n","protected":false},"author":1,"featured_media":0,"parent":0,"menu_order":0,"comment_status":"closed","ping_status":"closed","template":"","meta":{"_exactmetrics_skip_tracking":false,"_exactmetrics_sitenote_active":false,"_exactmetrics_sitenote_note":"","_exactmetrics_sitenote_category":0,"footnotes":""},"class_list":["post-30768","page","type-page","status-publish","hentry"],"_links":{"self":[{"href":"https:\/\/www.hit-booker.com\/travel-guide\/wp-json\/wp\/v2\/pages\/30768","targetHints":{"allow":["GET"]}}],"collection":[{"href":"https:\/\/www.hit-booker.com\/travel-guide\/wp-json\/wp\/v2\/pages"}],"about":[{"href":"https:\/\/www.hit-booker.com\/travel-guide\/wp-json\/wp\/v2\/types\/page"}],"author":[{"embeddable":true,"href":"https:\/\/www.hit-booker.com\/travel-guide\/wp-json\/wp\/v2\/users\/1"}],"replies":[{"embeddable":true,"href":"https:\/\/www.hit-booker.com\/travel-guide\/wp-json\/wp\/v2\/comments?post=30768"}],"version-history":[{"count":3,"href":"https:\/\/www.hit-booker.com\/travel-guide\/wp-json\/wp\/v2\/pages\/30768\/revisions"}],"predecessor-version":[{"id":30780,"href":"https:\/\/www.hit-booker.com\/travel-guide\/wp-json\/wp\/v2\/pages\/30768\/revisions\/30780"}],"wp:attachment":[{"href":"https:\/\/www.hit-booker.com\/travel-guide\/wp-json\/wp\/v2\/media?parent=30768"}],"curies":[{"name":"wp","href":"https:\/\/api.w.org\/{rel}","templated":true}]}}